{"id":1118,"date":"2021-03-24T01:16:12","date_gmt":"2021-03-23T22:16:12","guid":{"rendered":"https:\/\/gozenguvenliksistemleri.com\/corporate-services\/devriye-tur-kontrol-sistemleri\/"},"modified":"2025-11-29T17:29:47","modified_gmt":"2025-11-29T14:29:47","slug":"patrol-tour-control-systems","status":"publish","type":"page","link":"https:\/\/gozenguvenliksistemleri.com\/en\/corporate-services\/patrol-tour-control-systems\/","title":{"rendered":"Patrol Tour Control Systems"},"content":{"rendered":"","protected":false},"excerpt":{"rendered":"","protected":false},"author":1,"featured_media":0,"parent":1099,"menu_order":0,"comment_status":"closed","ping_status":"closed","template":"page-main-sub.php","meta":{"_acf_changed":false,"footnotes":""},"class_list":["post-1118","page","type-page","status-publish","hentry"],"acf":[],"yoast_head":"\nPatrol Tour Control Systems - G\u00f6zen G\u00fcvenlik Sistemleri<\/title>\n<meta name=\"robots\" content=\"index, follow, max-snippet:-1, max-image-preview:large, max-video-preview:-1\" \/>\n<link rel=\"canonical\" href=\"https:\/\/gozenguvenliksistemleri.com\/en\/corporate-services\/patrol-tour-control-systems\/\" \/>\n<meta property=\"og:locale\" content=\"en_US\" \/>\n<meta property=\"og:type\" content=\"article\" \/>\n<meta property=\"og:title\" content=\"Patrol Tour Control Systems - G\u00f6zen G\u00fcvenlik Sistemleri\" \/>\n<meta property=\"og:url\" content=\"https:\/\/gozenguvenliksistemleri.com\/en\/corporate-services\/patrol-tour-control-systems\/\" \/>\n<meta property=\"og:site_name\" content=\"G\u00f6zen G\u00fcvenlik Sistemleri\" \/>\n<meta property=\"article:modified_time\" content=\"2025-11-29T14:29:47+00:00\" \/>\n<meta name=\"twitter:card\" content=\"summary_large_image\" \/>\n<script type=\"application\/ld+json\" class=\"yoast-schema-graph\">{\"@context\":\"https:\\\/\\\/schema.org\",\"@graph\":[{\"@type\":\"WebPage\",\"@id\":\"https:\\\/\\\/gozenguvenliksistemleri.com\\\/en\\\/corporate-services\\\/patrol-tour-control-systems\\\/\",\"url\":\"https:\\\/\\\/gozenguvenliksistemleri.com\\\/en\\\/corporate-services\\\/patrol-tour-control-systems\\\/\",\"name\":\"Patrol Tour Control Systems - G\u00f6zen G\u00fcvenlik Sistemleri\",\"isPartOf\":{\"@id\":\"https:\\\/\\\/gozenguvenliksistemleri.com\\\/en\\\/#website\"},\"datePublished\":\"2021-03-23T22:16:12+00:00\",\"dateModified\":\"2025-11-29T14:29:47+00:00\",\"breadcrumb\":{\"@id\":\"https:\\\/\\\/gozenguvenliksistemleri.com\\\/en\\\/corporate-services\\\/patrol-tour-control-systems\\\/#breadcrumb\"},\"inLanguage\":\"en-US\",\"potentialAction\":[{\"@type\":\"ReadAction\",\"target\":[\"https:\\\/\\\/gozenguvenliksistemleri.com\\\/en\\\/corporate-services\\\/patrol-tour-control-systems\\\/\"]}]},{\"@type\":\"BreadcrumbList\",\"@id\":\"https:\\\/\\\/gozenguvenliksistemleri.com\\\/en\\\/corporate-services\\\/patrol-tour-control-systems\\\/#breadcrumb\",\"itemListElement\":[{\"@type\":\"ListItem\",\"position\":1,\"name\":\"Anasayfa\",\"item\":\"https:\\\/\\\/gozenguvenliksistemleri.com\\\/en\\\/\"},{\"@type\":\"ListItem\",\"position\":2,\"name\":\"Corporate Services\",\"item\":\"https:\\\/\\\/gozenguvenliksistemleri.com\\\/en\\\/corporate-services\\\/\"},{\"@type\":\"ListItem\",\"position\":3,\"name\":\"Patrol Tour Control Systems\"}]},{\"@type\":\"WebSite\",\"@id\":\"https:\\\/\\\/gozenguvenliksistemleri.com\\\/en\\\/#website\",\"url\":\"https:\\\/\\\/gozenguvenliksistemleri.com\\\/en\\\/\",\"name\":\"G\u00f6zen G\u00fcvenlik Sistemleri\",\"description\":\"Bir ba\u015fka WordPress sitesi\",\"potentialAction\":[{\"@type\":\"SearchAction\",\"target\":{\"@type\":\"EntryPoint\",\"urlTemplate\":\"https:\\\/\\\/gozenguvenliksistemleri.com\\\/en\\\/?s={search_term_string}\"},\"query-input\":{\"@type\":\"PropertyValueSpecification\",\"valueRequired\":true,\"valueName\":\"search_term_string\"}}],\"inLanguage\":\"en-US\"}]}<\/script>\n<!-- \/ Yoast SEO plugin. -->","yoast_head_json":{"title":"Patrol Tour Control Systems - G\u00f6zen G\u00fcvenlik Sistemleri","robots":{"index":"index","follow":"follow","max-snippet":"max-snippet:-1","max-image-preview":"max-image-preview:large","max-video-preview":"max-video-preview:-1"},"canonical":"https:\/\/gozenguvenliksistemleri.com\/en\/corporate-services\/patrol-tour-control-systems\/","og_locale":"en_US","og_type":"article","og_title":"Patrol Tour Control Systems - G\u00f6zen G\u00fcvenlik Sistemleri","og_url":"https:\/\/gozenguvenliksistemleri.com\/en\/corporate-services\/patrol-tour-control-systems\/","og_site_name":"G\u00f6zen G\u00fcvenlik Sistemleri","article_modified_time":"2025-11-29T14:29:47+00:00","twitter_card":"summary_large_image","schema":{"@context":"https:\/\/schema.org","@graph":[{"@type":"WebPage","@id":"https:\/\/gozenguvenliksistemleri.com\/en\/corporate-services\/patrol-tour-control-systems\/","url":"https:\/\/gozenguvenliksistemleri.com\/en\/corporate-services\/patrol-tour-control-systems\/","name":"Patrol Tour Control Systems - G\u00f6zen G\u00fcvenlik Sistemleri","isPartOf":{"@id":"https:\/\/gozenguvenliksistemleri.com\/en\/#website"},"datePublished":"2021-03-23T22:16:12+00:00","dateModified":"2025-11-29T14:29:47+00:00","breadcrumb":{"@id":"https:\/\/gozenguvenliksistemleri.com\/en\/corporate-services\/patrol-tour-control-systems\/#breadcrumb"},"inLanguage":"en-US","potentialAction":[{"@type":"ReadAction","target":["https:\/\/gozenguvenliksistemleri.com\/en\/corporate-services\/patrol-tour-control-systems\/"]}]},{"@type":"BreadcrumbList","@id":"https:\/\/gozenguvenliksistemleri.com\/en\/corporate-services\/patrol-tour-control-systems\/#breadcrumb","itemListElement":[{"@type":"ListItem","position":1,"name":"Anasayfa","item":"https:\/\/gozenguvenliksistemleri.com\/en\/"},{"@type":"ListItem","position":2,"name":"Corporate Services","item":"https:\/\/gozenguvenliksistemleri.com\/en\/corporate-services\/"},{"@type":"ListItem","position":3,"name":"Patrol Tour Control Systems"}]},{"@type":"WebSite","@id":"https:\/\/gozenguvenliksistemleri.com\/en\/#website","url":"https:\/\/gozenguvenliksistemleri.com\/en\/","name":"G\u00f6zen G\u00fcvenlik Sistemleri","description":"Bir ba\u015fka WordPress sitesi","potentialAction":[{"@type":"SearchAction","target":{"@type":"EntryPoint","urlTemplate":"https:\/\/gozenguvenliksistemleri.com\/en\/?s={search_term_string}"},"query-input":{"@type":"PropertyValueSpecification","valueRequired":true,"valueName":"search_term_string"}}],"inLanguage":"en-US"}]}},"_links":{"self":[{"href":"https:\/\/gozenguvenliksistemleri.com\/en\/wp-json\/wp\/v2\/pages\/1118","targetHints":{"allow":["GET"]}}],"collection":[{"href":"https:\/\/gozenguvenliksistemleri.com\/en\/wp-json\/wp\/v2\/pages"}],"about":[{"href":"https:\/\/gozenguvenliksistemleri.com\/en\/wp-json\/wp\/v2\/types\/page"}],"author":[{"embeddable":true,"href":"https:\/\/gozenguvenliksistemleri.com\/en\/wp-json\/wp\/v2\/users\/1"}],"replies":[{"embeddable":true,"href":"https:\/\/gozenguvenliksistemleri.com\/en\/wp-json\/wp\/v2\/comments?post=1118"}],"version-history":[{"count":1,"href":"https:\/\/gozenguvenliksistemleri.com\/en\/wp-json\/wp\/v2\/pages\/1118\/revisions"}],"predecessor-version":[{"id":1119,"href":"https:\/\/gozenguvenliksistemleri.com\/en\/wp-json\/wp\/v2\/pages\/1118\/revisions\/1119"}],"up":[{"embeddable":true,"href":"https:\/\/gozenguvenliksistemleri.com\/en\/wp-json\/wp\/v2\/pages\/1099"}],"wp:attachment":[{"href":"https:\/\/gozenguvenliksistemleri.com\/en\/wp-json\/wp\/v2\/media?parent=1118"}],"curies":[{"name":"wp","href":"https:\/\/api.w.org\/{rel}","templated":true}]}}