{"id":1126,"date":"2021-03-24T01:25:12","date_gmt":"2021-03-23T22:25:12","guid":{"rendered":"https:\/\/gozenguvenliksistemleri.com\/integrated-solutions\/fiziki-guvenlik-hizmetleri\/"},"modified":"2025-11-29T17:39:25","modified_gmt":"2025-11-29T14:39:25","slug":"fiziki-guvenlik-hizmetleri","status":"publish","type":"page","link":"https:\/\/gozenguvenliksistemleri.com\/en\/integrated-solutions\/fiziki-guvenlik-hizmetleri\/","title":{"rendered":"Physical Security Services"},"content":{"rendered":"","protected":false},"excerpt":{"rendered":"","protected":false},"author":1,"featured_media":0,"parent":1120,"menu_order":0,"comment_status":"closed","ping_status":"closed","template":"page-main-sub.php","meta":{"_acf_changed":false,"footnotes":""},"class_list":["post-1126","page","type-page","status-publish","hentry"],"acf":[],"yoast_head":"\nPhysical Security Services - G\u00f6zen G\u00fcvenlik Sistemleri<\/title>\n<meta name=\"robots\" content=\"index, follow, max-snippet:-1, max-image-preview:large, max-video-preview:-1\" \/>\n<link rel=\"canonical\" href=\"https:\/\/gozenguvenliksistemleri.com\/en\/integrated-solutions\/fiziki-guvenlik-hizmetleri\/\" \/>\n<meta property=\"og:locale\" content=\"en_US\" \/>\n<meta property=\"og:type\" content=\"article\" \/>\n<meta property=\"og:title\" content=\"Physical Security Services - G\u00f6zen G\u00fcvenlik Sistemleri\" \/>\n<meta property=\"og:url\" content=\"https:\/\/gozenguvenliksistemleri.com\/en\/integrated-solutions\/fiziki-guvenlik-hizmetleri\/\" \/>\n<meta property=\"og:site_name\" content=\"G\u00f6zen G\u00fcvenlik Sistemleri\" \/>\n<meta property=\"article:modified_time\" content=\"2025-11-29T14:39:25+00:00\" \/>\n<meta name=\"twitter:card\" content=\"summary_large_image\" \/>\n<script type=\"application\/ld+json\" class=\"yoast-schema-graph\">{\"@context\":\"https:\\\/\\\/schema.org\",\"@graph\":[{\"@type\":\"WebPage\",\"@id\":\"https:\\\/\\\/gozenguvenliksistemleri.com\\\/en\\\/integrated-solutions\\\/fiziki-guvenlik-hizmetleri\\\/\",\"url\":\"https:\\\/\\\/gozenguvenliksistemleri.com\\\/en\\\/integrated-solutions\\\/fiziki-guvenlik-hizmetleri\\\/\",\"name\":\"Physical Security Services - G\u00f6zen G\u00fcvenlik Sistemleri\",\"isPartOf\":{\"@id\":\"https:\\\/\\\/gozenguvenliksistemleri.com\\\/en\\\/#website\"},\"datePublished\":\"2021-03-23T22:25:12+00:00\",\"dateModified\":\"2025-11-29T14:39:25+00:00\",\"breadcrumb\":{\"@id\":\"https:\\\/\\\/gozenguvenliksistemleri.com\\\/en\\\/integrated-solutions\\\/fiziki-guvenlik-hizmetleri\\\/#breadcrumb\"},\"inLanguage\":\"en-US\",\"potentialAction\":[{\"@type\":\"ReadAction\",\"target\":[\"https:\\\/\\\/gozenguvenliksistemleri.com\\\/en\\\/integrated-solutions\\\/fiziki-guvenlik-hizmetleri\\\/\"]}]},{\"@type\":\"BreadcrumbList\",\"@id\":\"https:\\\/\\\/gozenguvenliksistemleri.com\\\/en\\\/integrated-solutions\\\/fiziki-guvenlik-hizmetleri\\\/#breadcrumb\",\"itemListElement\":[{\"@type\":\"ListItem\",\"position\":1,\"name\":\"Anasayfa\",\"item\":\"https:\\\/\\\/gozenguvenliksistemleri.com\\\/en\\\/\"},{\"@type\":\"ListItem\",\"position\":2,\"name\":\"Integrated Solutions\",\"item\":\"https:\\\/\\\/gozenguvenliksistemleri.com\\\/en\\\/integrated-solutions\\\/\"},{\"@type\":\"ListItem\",\"position\":3,\"name\":\"Physical Security Services\"}]},{\"@type\":\"WebSite\",\"@id\":\"https:\\\/\\\/gozenguvenliksistemleri.com\\\/en\\\/#website\",\"url\":\"https:\\\/\\\/gozenguvenliksistemleri.com\\\/en\\\/\",\"name\":\"G\u00f6zen G\u00fcvenlik Sistemleri\",\"description\":\"Bir ba\u015fka WordPress sitesi\",\"potentialAction\":[{\"@type\":\"SearchAction\",\"target\":{\"@type\":\"EntryPoint\",\"urlTemplate\":\"https:\\\/\\\/gozenguvenliksistemleri.com\\\/en\\\/?s={search_term_string}\"},\"query-input\":{\"@type\":\"PropertyValueSpecification\",\"valueRequired\":true,\"valueName\":\"search_term_string\"}}],\"inLanguage\":\"en-US\"}]}<\/script>\n<!-- \/ Yoast SEO plugin. -->","yoast_head_json":{"title":"Physical Security Services - G\u00f6zen G\u00fcvenlik Sistemleri","robots":{"index":"index","follow":"follow","max-snippet":"max-snippet:-1","max-image-preview":"max-image-preview:large","max-video-preview":"max-video-preview:-1"},"canonical":"https:\/\/gozenguvenliksistemleri.com\/en\/integrated-solutions\/fiziki-guvenlik-hizmetleri\/","og_locale":"en_US","og_type":"article","og_title":"Physical Security Services - G\u00f6zen G\u00fcvenlik Sistemleri","og_url":"https:\/\/gozenguvenliksistemleri.com\/en\/integrated-solutions\/fiziki-guvenlik-hizmetleri\/","og_site_name":"G\u00f6zen G\u00fcvenlik Sistemleri","article_modified_time":"2025-11-29T14:39:25+00:00","twitter_card":"summary_large_image","schema":{"@context":"https:\/\/schema.org","@graph":[{"@type":"WebPage","@id":"https:\/\/gozenguvenliksistemleri.com\/en\/integrated-solutions\/fiziki-guvenlik-hizmetleri\/","url":"https:\/\/gozenguvenliksistemleri.com\/en\/integrated-solutions\/fiziki-guvenlik-hizmetleri\/","name":"Physical Security Services - G\u00f6zen G\u00fcvenlik Sistemleri","isPartOf":{"@id":"https:\/\/gozenguvenliksistemleri.com\/en\/#website"},"datePublished":"2021-03-23T22:25:12+00:00","dateModified":"2025-11-29T14:39:25+00:00","breadcrumb":{"@id":"https:\/\/gozenguvenliksistemleri.com\/en\/integrated-solutions\/fiziki-guvenlik-hizmetleri\/#breadcrumb"},"inLanguage":"en-US","potentialAction":[{"@type":"ReadAction","target":["https:\/\/gozenguvenliksistemleri.com\/en\/integrated-solutions\/fiziki-guvenlik-hizmetleri\/"]}]},{"@type":"BreadcrumbList","@id":"https:\/\/gozenguvenliksistemleri.com\/en\/integrated-solutions\/fiziki-guvenlik-hizmetleri\/#breadcrumb","itemListElement":[{"@type":"ListItem","position":1,"name":"Anasayfa","item":"https:\/\/gozenguvenliksistemleri.com\/en\/"},{"@type":"ListItem","position":2,"name":"Integrated Solutions","item":"https:\/\/gozenguvenliksistemleri.com\/en\/integrated-solutions\/"},{"@type":"ListItem","position":3,"name":"Physical Security Services"}]},{"@type":"WebSite","@id":"https:\/\/gozenguvenliksistemleri.com\/en\/#website","url":"https:\/\/gozenguvenliksistemleri.com\/en\/","name":"G\u00f6zen G\u00fcvenlik Sistemleri","description":"Bir ba\u015fka WordPress sitesi","potentialAction":[{"@type":"SearchAction","target":{"@type":"EntryPoint","urlTemplate":"https:\/\/gozenguvenliksistemleri.com\/en\/?s={search_term_string}"},"query-input":{"@type":"PropertyValueSpecification","valueRequired":true,"valueName":"search_term_string"}}],"inLanguage":"en-US"}]}},"_links":{"self":[{"href":"https:\/\/gozenguvenliksistemleri.com\/en\/wp-json\/wp\/v2\/pages\/1126","targetHints":{"allow":["GET"]}}],"collection":[{"href":"https:\/\/gozenguvenliksistemleri.com\/en\/wp-json\/wp\/v2\/pages"}],"about":[{"href":"https:\/\/gozenguvenliksistemleri.com\/en\/wp-json\/wp\/v2\/types\/page"}],"author":[{"embeddable":true,"href":"https:\/\/gozenguvenliksistemleri.com\/en\/wp-json\/wp\/v2\/users\/1"}],"replies":[{"embeddable":true,"href":"https:\/\/gozenguvenliksistemleri.com\/en\/wp-json\/wp\/v2\/comments?post=1126"}],"version-history":[{"count":3,"href":"https:\/\/gozenguvenliksistemleri.com\/en\/wp-json\/wp\/v2\/pages\/1126\/revisions"}],"predecessor-version":[{"id":1129,"href":"https:\/\/gozenguvenliksistemleri.com\/en\/wp-json\/wp\/v2\/pages\/1126\/revisions\/1129"}],"up":[{"embeddable":true,"href":"https:\/\/gozenguvenliksistemleri.com\/en\/wp-json\/wp\/v2\/pages\/1120"}],"wp:attachment":[{"href":"https:\/\/gozenguvenliksistemleri.com\/en\/wp-json\/wp\/v2\/media?parent=1126"}],"curies":[{"name":"wp","href":"https:\/\/api.w.org\/{rel}","templated":true}]}}